{"id":938,"date":"2021-07-11T04:09:48","date_gmt":"2021-07-11T02:09:48","guid":{"rendered":"http:\/\/maquinasparagym.com\/?post_type=product&#038;p=938"},"modified":"2021-07-11T04:09:48","modified_gmt":"2021-07-11T02:09:48","slug":"leg-curl-profitness-acostado-ff01","status":"publish","type":"product","link":"https:\/\/maquinasparagym.com\/index.php\/product\/leg-curl-profitness-acostado-ff01\/","title":{"rendered":"LEG CURL PROFITNESS ACOSTADO FF01"},"content":{"rendered":"<p>Los m\u00fasculos\u00a0<b>que se<\/b>\u00a0trabajar\u00e1n con el\u00a0<b>curl femoral<\/b>\u00a0acostado en m\u00e1quina son, entre otros, el b\u00edceps semitendinoso, semimembranoso y crural. Adem\u00e1s de isquiotibiales, gemelos y, en menor medida, espalda baja, gl\u00fateos y cuadr\u00edceps.<\/p>\n","protected":false},"excerpt":{"rendered":"<p><img fetchpriority=\"high\" decoding=\"async\" class=\"alignnone size-medium wp-image-917\" src=\"https:\/\/maquinasparagym.com\/wp-content\/uploads\/2021\/06\/boton-300x300.png\" alt=\"\" width=\"300\" height=\"300\" srcset=\"https:\/\/maquinasparagym.com\/wp-content\/uploads\/2021\/06\/boton-300x300.png 300w, https:\/\/maquinasparagym.com\/wp-content\/uploads\/2021\/06\/boton-150x150.png 150w, https:\/\/maquinasparagym.com\/wp-content\/uploads\/2021\/06\/boton-100x100.png 100w\" sizes=\"(max-width: 300px) 100vw, 300px\" \/><a href=\"https:\/\/www.visaenlink.com.gt\/LEG_CURL_PROFITNESS_ACOSTADO_FF01\/P4746VL47460076\/82da67b211249624f24f3c7db5642a5112c9446f\/68111b2d7762657b942926f2dc5972fe90366d7d\">https:\/\/www.visaenlink.com.gt\/LEG_CURL_PROFITNESS_ACOSTADO_FF01\/P4746VL47460076\/82da67b211249624f24f3c7db5642a5112c9446f\/68111b2d7762657b942926f2dc5972fe90366d7d<\/a><\/p>\n","protected":false},"featured_media":939,"template":"","meta":{"jetpack_post_was_ever_published":false,"jetpack_publicize_message":"","jetpack_publicize_feature_enabled":true,"jetpack_social_post_already_shared":true,"jetpack_social_options":{"image_generator_settings":{"template":"highway","enabled":false},"version":2}},"product_cat":[23],"product_tag":[57],"class_list":{"0":"post-938","1":"product","2":"type-product","3":"status-publish","4":"has-post-thumbnail","6":"product_cat-peso","7":"product_tag-nuevo","9":"first","10":"instock","11":"sale","12":"shipping-taxable","13":"purchasable","14":"product-type-simple"},"jetpack_publicize_connections":[],"aioseo_notices":[],"jetpack_sharing_enabled":true,"_links":{"self":[{"href":"https:\/\/maquinasparagym.com\/index.php\/wp-json\/wp\/v2\/product\/938","targetHints":{"allow":["GET"]}}],"collection":[{"href":"https:\/\/maquinasparagym.com\/index.php\/wp-json\/wp\/v2\/product"}],"about":[{"href":"https:\/\/maquinasparagym.com\/index.php\/wp-json\/wp\/v2\/types\/product"}],"wp:featuredmedia":[{"embeddable":true,"href":"https:\/\/maquinasparagym.com\/index.php\/wp-json\/wp\/v2\/media\/939"}],"wp:attachment":[{"href":"https:\/\/maquinasparagym.com\/index.php\/wp-json\/wp\/v2\/media?parent=938"}],"wp:term":[{"taxonomy":"product_cat","embeddable":true,"href":"https:\/\/maquinasparagym.com\/index.php\/wp-json\/wp\/v2\/product_cat?post=938"},{"taxonomy":"product_tag","embeddable":true,"href":"https:\/\/maquinasparagym.com\/index.php\/wp-json\/wp\/v2\/product_tag?post=938"}],"curies":[{"name":"wp","href":"https:\/\/api.w.org\/{rel}","templated":true}]}}