{"id":906,"date":"2021-07-09T00:11:47","date_gmt":"2021-07-08T22:11:47","guid":{"rendered":"http:\/\/maquinasparagym.com\/?post_type=product&#038;p=906"},"modified":"2021-07-10T03:57:19","modified_gmt":"2021-07-10T01:57:19","slug":"banca-abdominales-body-master-sencilla","status":"publish","type":"product","link":"https:\/\/maquinasparagym.com\/index.php\/product\/banca-abdominales-body-master-sencilla\/","title":{"rendered":"BANCA ABDOMINALES BODY MASTER SENCILLA"},"content":{"rendered":"<p>Tonifica tu cuerpo y ponte en forma con las diferentes m\u00e1quinas de abdominales\u00a0 y aseg\u00farate un cuerpo \u00fanico que dure todo el a\u00f1o.<\/p>\n","protected":false},"excerpt":{"rendered":"<p><img fetchpriority=\"high\" decoding=\"async\" class=\"alignnone size-medium wp-image-917\" src=\"https:\/\/maquinasparagym.com\/wp-content\/uploads\/2021\/06\/boton-300x300.png\" alt=\"\" width=\"300\" height=\"300\" srcset=\"https:\/\/maquinasparagym.com\/wp-content\/uploads\/2021\/06\/boton-300x300.png 300w, https:\/\/maquinasparagym.com\/wp-content\/uploads\/2021\/06\/boton-150x150.png 150w, https:\/\/maquinasparagym.com\/wp-content\/uploads\/2021\/06\/boton-100x100.png 100w\" sizes=\"(max-width: 300px) 100vw, 300px\" \/><a href=\"https:\/\/www.visaenlink.com.gt\/BANCA_ABDOMINALES_BODY_MASTER_SENCILLA\/P4746VL47460050\/82da67b211249624f24f3c7db5642a5112c9446f\/68111b2d7762657b942926f2dc5972fe90366d7d\">https:\/\/www.visaenlink.com.gt\/BANCA_ABDOMINALES_BODY_MASTER_SENCILLA\/P4746VL47460050\/82da67b211249624f24f3c7db5642a5112c9446f\/68111b2d7762657b942926f2dc5972fe90366d7d<\/a><\/p>\n","protected":false},"featured_media":907,"template":"","meta":{"jetpack_post_was_ever_published":false,"jetpack_publicize_message":"","jetpack_publicize_feature_enabled":true,"jetpack_social_post_already_shared":true,"jetpack_social_options":{"image_generator_settings":{"template":"highway","enabled":false},"version":2}},"product_cat":[32],"product_tag":[59],"class_list":{"0":"post-906","1":"product","2":"type-product","3":"status-publish","4":"has-post-thumbnail","6":"product_cat-bancas-multifuncionales","7":"product_tag-usada","9":"first","10":"instock","11":"sale","12":"shipping-taxable","13":"purchasable","14":"product-type-simple"},"jetpack_publicize_connections":[],"aioseo_notices":[],"jetpack_sharing_enabled":true,"_links":{"self":[{"href":"https:\/\/maquinasparagym.com\/index.php\/wp-json\/wp\/v2\/product\/906","targetHints":{"allow":["GET"]}}],"collection":[{"href":"https:\/\/maquinasparagym.com\/index.php\/wp-json\/wp\/v2\/product"}],"about":[{"href":"https:\/\/maquinasparagym.com\/index.php\/wp-json\/wp\/v2\/types\/product"}],"wp:featuredmedia":[{"embeddable":true,"href":"https:\/\/maquinasparagym.com\/index.php\/wp-json\/wp\/v2\/media\/907"}],"wp:attachment":[{"href":"https:\/\/maquinasparagym.com\/index.php\/wp-json\/wp\/v2\/media?parent=906"}],"wp:term":[{"taxonomy":"product_cat","embeddable":true,"href":"https:\/\/maquinasparagym.com\/index.php\/wp-json\/wp\/v2\/product_cat?post=906"},{"taxonomy":"product_tag","embeddable":true,"href":"https:\/\/maquinasparagym.com\/index.php\/wp-json\/wp\/v2\/product_tag?post=906"}],"curies":[{"name":"wp","href":"https:\/\/api.w.org\/{rel}","templated":true}]}}