{"id":878,"date":"2021-07-08T03:04:52","date_gmt":"2021-07-08T01:04:52","guid":{"rendered":"http:\/\/maquinasparagym.com\/?post_type=product&#038;p=878"},"modified":"2021-07-10T04:35:47","modified_gmt":"2021-07-10T02:35:47","slug":"estacionaria-technogym-excite-2","status":"publish","type":"product","link":"https:\/\/maquinasparagym.com\/index.php\/product\/estacionaria-technogym-excite-2\/","title":{"rendered":"ESTACIONARIA TECHNOGYM EXCITE"},"content":{"rendered":"<p>Te ofrece una experiencia cardio completamente conectada, para un entretenimiento personalizado y diversificado, los nuevos entrenamientos m\u00e1s desafiantes y las innovadoras caracter\u00edsticas est\u00e1n dise\u00f1adas para obtener resultados de manera divertida y f\u00e1cil.<\/p>\n","protected":false},"excerpt":{"rendered":"<p><img fetchpriority=\"high\" decoding=\"async\" class=\"alignnone size-medium wp-image-917\" src=\"https:\/\/maquinasparagym.com\/wp-content\/uploads\/2021\/06\/boton-300x300.png\" alt=\"\" width=\"300\" height=\"300\" srcset=\"https:\/\/maquinasparagym.com\/wp-content\/uploads\/2021\/06\/boton-300x300.png 300w, https:\/\/maquinasparagym.com\/wp-content\/uploads\/2021\/06\/boton-150x150.png 150w, https:\/\/maquinasparagym.com\/wp-content\/uploads\/2021\/06\/boton-100x100.png 100w\" sizes=\"(max-width: 300px) 100vw, 300px\" \/><a href=\"https:\/\/www.visaenlink.com.gt\/ESTACIONARIA_TECHNOGYM_EXCITE\/P4746VL47460059\/82da67b211249624f24f3c7db5642a5112c9446f\/68111b2d7762657b942926f2dc5972fe90366d7d\">https:\/\/www.visaenlink.com.gt\/ESTACIONARIA_TECHNOGYM_EXCITE\/P4746VL47460059\/82da67b211249624f24f3c7db5642a5112c9446f\/68111b2d7762657b942926f2dc5972fe90366d7d<\/a><\/p>\n","protected":false},"featured_media":879,"template":"","meta":{"jetpack_post_was_ever_published":false,"jetpack_publicize_message":"","jetpack_publicize_feature_enabled":true,"jetpack_social_post_already_shared":true,"jetpack_social_options":{"image_generator_settings":{"template":"highway","enabled":false},"version":2}},"product_cat":[20],"product_tag":[56],"class_list":{"0":"post-878","1":"product","2":"type-product","3":"status-publish","4":"has-post-thumbnail","6":"product_cat-cardio","7":"product_tag-usado","9":"first","10":"instock","11":"sale","12":"shipping-taxable","13":"purchasable","14":"product-type-simple"},"jetpack_publicize_connections":[],"aioseo_notices":[],"jetpack_sharing_enabled":true,"_links":{"self":[{"href":"https:\/\/maquinasparagym.com\/index.php\/wp-json\/wp\/v2\/product\/878","targetHints":{"allow":["GET"]}}],"collection":[{"href":"https:\/\/maquinasparagym.com\/index.php\/wp-json\/wp\/v2\/product"}],"about":[{"href":"https:\/\/maquinasparagym.com\/index.php\/wp-json\/wp\/v2\/types\/product"}],"wp:featuredmedia":[{"embeddable":true,"href":"https:\/\/maquinasparagym.com\/index.php\/wp-json\/wp\/v2\/media\/879"}],"wp:attachment":[{"href":"https:\/\/maquinasparagym.com\/index.php\/wp-json\/wp\/v2\/media?parent=878"}],"wp:term":[{"taxonomy":"product_cat","embeddable":true,"href":"https:\/\/maquinasparagym.com\/index.php\/wp-json\/wp\/v2\/product_cat?post=878"},{"taxonomy":"product_tag","embeddable":true,"href":"https:\/\/maquinasparagym.com\/index.php\/wp-json\/wp\/v2\/product_tag?post=878"}],"curies":[{"name":"wp","href":"https:\/\/api.w.org\/{rel}","templated":true}]}}