{"id":863,"date":"2021-07-08T01:34:37","date_gmt":"2021-07-07T23:34:37","guid":{"rendered":"http:\/\/maquinasparagym.com\/?post_type=product&#038;p=863"},"modified":"2021-07-08T01:34:48","modified_gmt":"2021-07-07T23:34:48","slug":"estacionaria-technogym-excite","status":"publish","type":"product","link":"https:\/\/maquinasparagym.com\/index.php\/product\/estacionaria-technogym-excite\/","title":{"rendered":"ESTACIONARIA TECHNOGYM EXCITE"},"content":{"rendered":"<p>La pr\u00e1ctica en la\u00a0<b>bicicleta fija<\/b>\u00a0es un buen ejercicio cardiovascular, ya que disminuye la presi\u00f3n arterial, mejora el funcionamiento del coraz\u00f3n y ayuda al control de los niveles de az\u00facar en la sangre<\/p>\n<p>Disfruta de la sensaci\u00f3n de montar en una bicicleta de verdad. La biomec\u00e1nica y el dise\u00f1o ergon\u00f3mico ofrecen diferentes posiciones para que logres el m\u00e1ximo rendimiento<\/p>\n","protected":false},"excerpt":{"rendered":"<p>La pr\u00e1ctica en la\u00a0bicicleta fija\u00a0es un buen ejercicio cardiovascular, ya que disminuye la presi\u00f3n arterial, mejora el funcionamiento del coraz\u00f3n y ayuda al control de los niveles de az\u00facar en la sangre Disfruta de la sensaci\u00f3n de montar en una bicicleta de verdad. La biomec\u00e1nica y el dise\u00f1o ergon\u00f3mico ofrecen diferentes posiciones para que logres [&hellip;]<\/p>\n","protected":false},"featured_media":865,"template":"","meta":{"jetpack_post_was_ever_published":false,"jetpack_publicize_message":"","jetpack_publicize_feature_enabled":true,"jetpack_social_post_already_shared":true,"jetpack_social_options":{"image_generator_settings":{"template":"highway","enabled":false},"version":2}},"product_cat":[30],"product_tag":[56],"class_list":{"0":"post-863","1":"product","2":"type-product","3":"status-publish","4":"has-post-thumbnail","6":"product_cat-spinning","7":"product_tag-usado","9":"first","10":"instock","11":"sale","12":"shipping-taxable","13":"purchasable","14":"product-type-simple"},"jetpack_publicize_connections":[],"aioseo_notices":[],"jetpack_sharing_enabled":true,"_links":{"self":[{"href":"https:\/\/maquinasparagym.com\/index.php\/wp-json\/wp\/v2\/product\/863","targetHints":{"allow":["GET"]}}],"collection":[{"href":"https:\/\/maquinasparagym.com\/index.php\/wp-json\/wp\/v2\/product"}],"about":[{"href":"https:\/\/maquinasparagym.com\/index.php\/wp-json\/wp\/v2\/types\/product"}],"wp:featuredmedia":[{"embeddable":true,"href":"https:\/\/maquinasparagym.com\/index.php\/wp-json\/wp\/v2\/media\/865"}],"wp:attachment":[{"href":"https:\/\/maquinasparagym.com\/index.php\/wp-json\/wp\/v2\/media?parent=863"}],"wp:term":[{"taxonomy":"product_cat","embeddable":true,"href":"https:\/\/maquinasparagym.com\/index.php\/wp-json\/wp\/v2\/product_cat?post=863"},{"taxonomy":"product_tag","embeddable":true,"href":"https:\/\/maquinasparagym.com\/index.php\/wp-json\/wp\/v2\/product_tag?post=863"}],"curies":[{"name":"wp","href":"https:\/\/api.w.org\/{rel}","templated":true}]}}