{"id":858,"date":"2021-07-08T01:23:06","date_gmt":"2021-07-07T23:23:06","guid":{"rendered":"http:\/\/maquinasparagym.com\/?post_type=product&#038;p=858"},"modified":"2021-07-10T20:59:27","modified_gmt":"2021-07-10T18:59:27","slug":"estacionarias-star-track-eub","status":"publish","type":"product","link":"https:\/\/maquinasparagym.com\/index.php\/product\/estacionarias-star-track-eub\/","title":{"rendered":"ESTACIONARIAS STAR TRACK EUB"},"content":{"rendered":"<p>Las\u00a0<b>bicicletas<\/b>\u00a0est\u00e1ticas ayudan al consumidor a ejercitarse de una manera c\u00f3moda en el interior de su casa, esto facilita que cada cual haga ejercicio d\u00f3nde y cu\u00e1ndo uno quiera, de este modo, entrenar en\u00a0<b>bicicleta<\/b>\u00a0est\u00e1tica supone una manera f\u00e1cil de ejercitarse y mantenerse en forma f\u00e1cilmente desde casa, con una serie<\/p>\n","protected":false},"excerpt":{"rendered":"<p><img fetchpriority=\"high\" decoding=\"async\" class=\"alignnone size-medium wp-image-917\" src=\"https:\/\/maquinasparagym.com\/wp-content\/uploads\/2021\/06\/boton-300x300.png\" alt=\"\" width=\"300\" height=\"300\" srcset=\"https:\/\/maquinasparagym.com\/wp-content\/uploads\/2021\/06\/boton-300x300.png 300w, https:\/\/maquinasparagym.com\/wp-content\/uploads\/2021\/06\/boton-150x150.png 150w, https:\/\/maquinasparagym.com\/wp-content\/uploads\/2021\/06\/boton-100x100.png 100w\" sizes=\"(max-width: 300px) 100vw, 300px\" \/><a href=\"https:\/\/www.visaenlink.com.gt\/ESTACIONARIAS_STAR_TRACK_EUB\/P4746VL47460061\/82da67b211249624f24f3c7db5642a5112c9446f\/68111b2d7762657b942926f2dc5972fe90366d7d\">https:\/\/www.visaenlink.com.gt\/ESTACIONARIAS_STAR_TRACK_EUB\/P4746VL47460061\/82da67b211249624f24f3c7db5642a5112c9446f\/68111b2d7762657b942926f2dc5972fe90366d7d<\/a><\/p>\n","protected":false},"featured_media":860,"template":"","meta":{"jetpack_post_was_ever_published":false,"jetpack_publicize_message":"","jetpack_publicize_feature_enabled":true,"jetpack_social_post_already_shared":true,"jetpack_social_options":{"image_generator_settings":{"template":"highway","enabled":false},"version":2}},"product_cat":[19],"product_tag":[56],"class_list":{"0":"post-858","1":"product","2":"type-product","3":"status-publish","4":"has-post-thumbnail","6":"product_cat-uncategorized","7":"product_tag-usado","9":"first","10":"instock","11":"sale","12":"shipping-taxable","13":"purchasable","14":"product-type-simple"},"jetpack_publicize_connections":[],"aioseo_notices":[],"jetpack_sharing_enabled":true,"_links":{"self":[{"href":"https:\/\/maquinasparagym.com\/index.php\/wp-json\/wp\/v2\/product\/858","targetHints":{"allow":["GET"]}}],"collection":[{"href":"https:\/\/maquinasparagym.com\/index.php\/wp-json\/wp\/v2\/product"}],"about":[{"href":"https:\/\/maquinasparagym.com\/index.php\/wp-json\/wp\/v2\/types\/product"}],"wp:featuredmedia":[{"embeddable":true,"href":"https:\/\/maquinasparagym.com\/index.php\/wp-json\/wp\/v2\/media\/860"}],"wp:attachment":[{"href":"https:\/\/maquinasparagym.com\/index.php\/wp-json\/wp\/v2\/media?parent=858"}],"wp:term":[{"taxonomy":"product_cat","embeddable":true,"href":"https:\/\/maquinasparagym.com\/index.php\/wp-json\/wp\/v2\/product_cat?post=858"},{"taxonomy":"product_tag","embeddable":true,"href":"https:\/\/maquinasparagym.com\/index.php\/wp-json\/wp\/v2\/product_tag?post=858"}],"curies":[{"name":"wp","href":"https:\/\/api.w.org\/{rel}","templated":true}]}}