{"id":854,"date":"2021-07-08T01:06:24","date_gmt":"2021-07-07T23:06:24","guid":{"rendered":"http:\/\/maquinasparagym.com\/?post_type=product&#038;p=854"},"modified":"2021-07-10T21:22:43","modified_gmt":"2021-07-10T19:22:43","slug":"patinadoras-technogym-wave","status":"publish","type":"product","link":"https:\/\/maquinasparagym.com\/index.php\/product\/patinadoras-technogym-wave\/","title":{"rendered":"PATINADORAS TECHNOGYM WAVE"},"content":{"rendered":"<p>Technogym es conocida en todo el mundo como &#8220;The Wellness Company&#8221; \u2014una compa\u00f1\u00eda que ha contribuido a desarrollar el concepto hedon\u00edstico de &#8220;fitness&#8221; hasta convertirlo en un verdadero estilo de vida.<\/p>\n<p>El ejercicio se centra m\u00e1s en el desplazamiento de las piernas y la fuerza realizada durante el patinaje<\/p>\n<p>Utilizadas para el ejercicio de acondicionamiento, previo al ejercicio duro.<\/p>\n<p>Se lo realiza de manera aer\u00f3bico y permite la reducci\u00f3n de grasas, el control de la respiraci\u00f3n, la mejora de la circulaci\u00f3n, entre otras cosas.<br \/>\nEs ideal para romper la rutina de la cinta o de la bicicleta.<\/p>\n","protected":false},"excerpt":{"rendered":"<p><img fetchpriority=\"high\" decoding=\"async\" class=\"alignnone size-medium wp-image-917\" src=\"https:\/\/maquinasparagym.com\/wp-content\/uploads\/2021\/06\/boton-300x300.png\" alt=\"\" width=\"300\" height=\"300\" srcset=\"https:\/\/maquinasparagym.com\/wp-content\/uploads\/2021\/06\/boton-300x300.png 300w, https:\/\/maquinasparagym.com\/wp-content\/uploads\/2021\/06\/boton-150x150.png 150w, https:\/\/maquinasparagym.com\/wp-content\/uploads\/2021\/06\/boton-100x100.png 100w\" sizes=\"(max-width: 300px) 100vw, 300px\" \/><a href=\"https:\/\/www.visaenlink.com.gt\/PATINADORAS_TECHNOGYM_WAVE\/P4746VL47460065\/82da67b211249624f24f3c7db5642a5112c9446f\/68111b2d7762657b942926f2dc5972fe90366d7d\">https:\/\/www.visaenlink.com.gt\/PATINADORAS_TECHNOGYM_WAVE\/P4746VL47460065\/82da67b211249624f24f3c7db5642a5112c9446f\/68111b2d7762657b942926f2dc5972fe90366d7d<\/a><\/p>\n","protected":false},"featured_media":862,"template":"","meta":{"jetpack_post_was_ever_published":false,"jetpack_publicize_message":"","jetpack_publicize_feature_enabled":true,"jetpack_social_post_already_shared":true,"jetpack_social_options":{"image_generator_settings":{"template":"highway","enabled":false},"version":2}},"product_cat":[20],"product_tag":[56],"class_list":{"0":"post-854","1":"product","2":"type-product","3":"status-publish","4":"has-post-thumbnail","6":"product_cat-cardio","7":"product_tag-usado","9":"first","10":"instock","11":"sale","12":"shipping-taxable","13":"purchasable","14":"product-type-simple"},"jetpack_publicize_connections":[],"aioseo_notices":[],"jetpack_sharing_enabled":true,"_links":{"self":[{"href":"https:\/\/maquinasparagym.com\/index.php\/wp-json\/wp\/v2\/product\/854","targetHints":{"allow":["GET"]}}],"collection":[{"href":"https:\/\/maquinasparagym.com\/index.php\/wp-json\/wp\/v2\/product"}],"about":[{"href":"https:\/\/maquinasparagym.com\/index.php\/wp-json\/wp\/v2\/types\/product"}],"wp:featuredmedia":[{"embeddable":true,"href":"https:\/\/maquinasparagym.com\/index.php\/wp-json\/wp\/v2\/media\/862"}],"wp:attachment":[{"href":"https:\/\/maquinasparagym.com\/index.php\/wp-json\/wp\/v2\/media?parent=854"}],"wp:term":[{"taxonomy":"product_cat","embeddable":true,"href":"https:\/\/maquinasparagym.com\/index.php\/wp-json\/wp\/v2\/product_cat?post=854"},{"taxonomy":"product_tag","embeddable":true,"href":"https:\/\/maquinasparagym.com\/index.php\/wp-json\/wp\/v2\/product_tag?post=854"}],"curies":[{"name":"wp","href":"https:\/\/api.w.org\/{rel}","templated":true}]}}