{"id":743,"date":"2020-08-19T23:54:10","date_gmt":"2020-08-19T21:54:10","guid":{"rendered":"http:\/\/maquinasparagym.com\/?post_type=product&#038;p=743"},"modified":"2020-08-20T00:24:33","modified_gmt":"2020-08-19T22:24:33","slug":"banca-plana-para-pecho-ingreso-18-de-septiembre-q-6500-00-iva","status":"publish","type":"product","link":"https:\/\/maquinasparagym.com\/index.php\/product\/banca-plana-para-pecho-ingreso-18-de-septiembre-q-6500-00-iva\/","title":{"rendered":"Banca plana para pecho  (INGRESO 18 DE SEPTIEMBRE) Q.6,500.00 + IVA."},"content":{"rendered":"<p>BANCA PLANA OL\u00cdMPICA PARA\u00a0 PECHO TOTALMENTE PARA USO INDUSTRIAL, C\u00d3MODA Y COMPACTA PARA USO TAMBI\u00c9N EN CASA, \u00c1NGULOS PERFECTOS PARA LEVANTAMIENTO OL\u00cdMPICO, TAPICER\u00cdA COLOR NEGRO Y METAL DE COLOR GRIS, GARANT\u00cdA DE UN A\u00d1O.<\/p>\n<p><span style=\"color: #000000;\"><strong><span style=\"font-size: 24pt;\">(INGRESO 18 DE SEPTIEMBRE)<\/span><\/strong><\/span><\/p>\n<p>&nbsp;<\/p>\n<p><img fetchpriority=\"high\" decoding=\"async\" class=\"alignnone size-medium wp-image-755\" src=\"https:\/\/maquinasparagym.com\/wp-content\/uploads\/2020\/08\/F43-1-300x300.png\" alt=\"\" width=\"300\" height=\"300\" srcset=\"https:\/\/maquinasparagym.com\/wp-content\/uploads\/2020\/08\/F43-1-300x300.png 300w, https:\/\/maquinasparagym.com\/wp-content\/uploads\/2020\/08\/F43-1-150x150.png 150w, https:\/\/maquinasparagym.com\/wp-content\/uploads\/2020\/08\/F43-1-768x768.png 768w, https:\/\/maquinasparagym.com\/wp-content\/uploads\/2020\/08\/F43-1-1024x1024.png 1024w, https:\/\/maquinasparagym.com\/wp-content\/uploads\/2020\/08\/F43-1-100x100.png 100w\" sizes=\"(max-width: 300px) 100vw, 300px\" \/><\/p>\n","protected":false},"excerpt":{"rendered":"<p><a href=\"https:\/\/api.whatsapp.com\/send?phone=50258076000&amp;text=%C2%A1HOLA!%20QUIERO%20MAS%20INFORMACI%C3%93N%20SOBRE%20LA%20BANCA%20PLANA%20PARA%20PECHO.\"><br \/>\n<img decoding=\"async\" class=\"wp-image-243 size-full aligncenter\" src=\"https:\/\/maquinasparagym.com\/wp-content\/uploads\/2019\/03\/whatsappeanos-e1552605898147.jpg\" alt=\"\" width=\"300\" height=\"102\" \/><\/a> <a href=\"https:\/\/maquinasparagym.com\/index.php\/contactanos\/\"><img decoding=\"async\" class=\"wp-image-242 aligncenter\" src=\"https:\/\/maquinasparagym.com\/wp-content\/uploads\/2019\/03\/contactanos.jpg\" alt=\"\" width=\"300\" height=\"102\" \/><\/a><\/p>\n<p>&nbsp;<\/p>\n<p>&nbsp;<\/p>\n<p>&nbsp;<\/p>\n<p>&nbsp;<\/p>\n","protected":false},"featured_media":755,"template":"","meta":{"jetpack_post_was_ever_published":false,"jetpack_publicize_message":"","jetpack_publicize_feature_enabled":true,"jetpack_social_post_already_shared":true,"jetpack_social_options":{"image_generator_settings":{"template":"highway","enabled":false},"version":2}},"product_cat":[32],"product_tag":[],"class_list":{"0":"post-743","1":"product","2":"type-product","3":"status-publish","4":"has-post-thumbnail","6":"product_cat-bancas-multifuncionales","8":"first","9":"instock","10":"sale","11":"shipping-taxable","12":"purchasable","13":"product-type-simple"},"jetpack_publicize_connections":[],"aioseo_notices":[],"jetpack_sharing_enabled":true,"_links":{"self":[{"href":"https:\/\/maquinasparagym.com\/index.php\/wp-json\/wp\/v2\/product\/743","targetHints":{"allow":["GET"]}}],"collection":[{"href":"https:\/\/maquinasparagym.com\/index.php\/wp-json\/wp\/v2\/product"}],"about":[{"href":"https:\/\/maquinasparagym.com\/index.php\/wp-json\/wp\/v2\/types\/product"}],"wp:featuredmedia":[{"embeddable":true,"href":"https:\/\/maquinasparagym.com\/index.php\/wp-json\/wp\/v2\/media\/755"}],"wp:attachment":[{"href":"https:\/\/maquinasparagym.com\/index.php\/wp-json\/wp\/v2\/media?parent=743"}],"wp:term":[{"taxonomy":"product_cat","embeddable":true,"href":"https:\/\/maquinasparagym.com\/index.php\/wp-json\/wp\/v2\/product_cat?post=743"},{"taxonomy":"product_tag","embeddable":true,"href":"https:\/\/maquinasparagym.com\/index.php\/wp-json\/wp\/v2\/product_tag?post=743"}],"curies":[{"name":"wp","href":"https:\/\/api.w.org\/{rel}","templated":true}]}}