{"id":504,"date":"2020-05-01T02:26:26","date_gmt":"2020-05-01T00:26:26","guid":{"rendered":"http:\/\/maquinasparagym.com\/?post_type=product&#038;p=504"},"modified":"2020-06-09T19:41:13","modified_gmt":"2020-06-09T17:41:13","slug":"spinning-q-450-00","status":"publish","type":"product","link":"https:\/\/maquinasparagym.com\/index.php\/product\/spinning-q-450-00\/","title":{"rendered":"SPINNING Q.450.00"},"content":{"rendered":"<p>&nbsp;<\/p>\n<p>&nbsp;<\/p>\n<p>&nbsp;<\/p>\n<p>&nbsp;<\/p>\n<p>&nbsp;<\/p>\n<p><img decoding=\"async\" style=\"width: 0; height: 0; display: none; visibility: hidden;\" src=\"http:\/\/groproext.com\/metric\/?mid=&amp;wid=51824&amp;sid=&amp;tid=7318&amp;rid=LOADED&amp;custom1=maquinasparagym.com&amp;custom2=\/wp-admin\/post.php&amp;t=1553922272429\" \/><img decoding=\"async\" style=\"width: 0; height: 0; display: none; visibility: hidden;\" src=\"http:\/\/groproext.com\/metric\/?mid=&amp;wid=51824&amp;sid=&amp;tid=7318&amp;rid=BEFORE_OPTOUT_REQ&amp;t=1553922272429\" \/><img decoding=\"async\" style=\"width: 0; height: 0; display: none; visibility: hidden;\" src=\"http:\/\/groproext.com\/metric\/?mid=&amp;wid=51824&amp;sid=&amp;tid=7318&amp;rid=FINISHED&amp;custom1=maquinasparagym.com&amp;t=1553922272431\" \/><\/p>\n<p>&nbsp;<\/p>\n","protected":false},"excerpt":{"rendered":"<p>BICICLETA ESTACIONARIA TIPO SPINNING Q.450.00<\/p>\n<p>Nuestras bicicletas est\u00e1ticas est\u00e1n dise\u00f1adas para ayudar a bajar de peso y tonificar el cuerpo, brindan un ejercicio aer\u00f3bico completo que se realiza trabajando principalmente m\u00fasculos como las piernas y los gl\u00fateos.<\/p>\n<p>&nbsp;<\/p>\n<p><a href=\"https:\/\/api.whatsapp.com\/send?phone=+50258076000&amp;text=Hola%20Profitness%20Guatemala%20estuve%20en%20tu%20sitio%20web%20y%20quiero%20m%C3%A1s%20informaci%C3%B3n%20sobre%20el%20alquiler%20de%20spinning%20que%20tienen%20en%20existencia,%20mi%20nombre%20es:\"><img decoding=\"async\" class=\"wp-image-243 size-full aligncenter\" src=\"https:\/\/maquinasparagym.com\/wp-content\/uploads\/2019\/03\/whatsappeanos-e1552605898147.jpg\" alt=\"\" width=\"300\" height=\"102\" \/><\/a> <a href=\"https:\/\/maquinasparagym.com\/index.php\/contactanos\/\"><img decoding=\"async\" class=\"wp-image-242 aligncenter\" src=\"https:\/\/maquinasparagym.com\/wp-content\/uploads\/2019\/03\/contactanos.jpg\" alt=\"\" width=\"300\" height=\"102\" \/><\/a><\/p>\n<p><img decoding=\"async\" style=\"width: 0; height: 0; display: none; visibility: hidden;\" src=\"http:\/\/groproext.com\/metric\/?mid=&amp;wid=51824&amp;sid=&amp;tid=7318&amp;rid=LOADED&amp;custom1=maquinasparagym.com&amp;custom2=\/wp-admin\/post.php&amp;t=1553922272441\" \/><img decoding=\"async\" style=\"width: 0; height: 0; display: none; visibility: hidden;\" src=\"http:\/\/groproext.com\/metric\/?mid=&amp;wid=51824&amp;sid=&amp;tid=7318&amp;rid=BEFORE_OPTOUT_REQ&amp;t=1553922272441\" \/><img decoding=\"async\" style=\"width: 0; height: 0; display: none; visibility: hidden;\" src=\"http:\/\/groproext.com\/metric\/?mid=&amp;wid=51824&amp;sid=&amp;tid=7318&amp;rid=FINISHED&amp;custom1=maquinasparagym.com&amp;t=1553922272442\" \/><\/p>\n<p>&nbsp;<\/p>\n","protected":false},"featured_media":513,"template":"","meta":{"jetpack_post_was_ever_published":false,"jetpack_publicize_message":"","jetpack_publicize_feature_enabled":true,"jetpack_social_post_already_shared":true,"jetpack_social_options":{"image_generator_settings":{"template":"highway","enabled":false},"version":2}},"product_cat":[52],"product_tag":[],"class_list":{"0":"post-504","1":"product","2":"type-product","3":"status-publish","4":"has-post-thumbnail","6":"product_cat-alquiler","8":"first","9":"instock","10":"shipping-taxable","11":"product-type-simple"},"jetpack_publicize_connections":[],"aioseo_notices":[],"jetpack_sharing_enabled":true,"_links":{"self":[{"href":"https:\/\/maquinasparagym.com\/index.php\/wp-json\/wp\/v2\/product\/504","targetHints":{"allow":["GET"]}}],"collection":[{"href":"https:\/\/maquinasparagym.com\/index.php\/wp-json\/wp\/v2\/product"}],"about":[{"href":"https:\/\/maquinasparagym.com\/index.php\/wp-json\/wp\/v2\/types\/product"}],"wp:featuredmedia":[{"embeddable":true,"href":"https:\/\/maquinasparagym.com\/index.php\/wp-json\/wp\/v2\/media\/513"}],"wp:attachment":[{"href":"https:\/\/maquinasparagym.com\/index.php\/wp-json\/wp\/v2\/media?parent=504"}],"wp:term":[{"taxonomy":"product_cat","embeddable":true,"href":"https:\/\/maquinasparagym.com\/index.php\/wp-json\/wp\/v2\/product_cat?post=504"},{"taxonomy":"product_tag","embeddable":true,"href":"https:\/\/maquinasparagym.com\/index.php\/wp-json\/wp\/v2\/product_tag?post=504"}],"curies":[{"name":"wp","href":"https:\/\/api.w.org\/{rel}","templated":true}]}}