{"id":406,"date":"2019-08-29T22:03:28","date_gmt":"2019-08-29T20:03:28","guid":{"rendered":"http:\/\/maquinasparagym.com\/?post_type=product&#038;p=406"},"modified":"2020-08-20T01:04:52","modified_gmt":"2020-08-19T23:04:52","slug":"banca-multifuncional-7-position","status":"publish","type":"product","link":"https:\/\/maquinasparagym.com\/index.php\/product\/banca-multifuncional-7-position\/","title":{"rendered":"Banca Multifuncional 7 Position (INGRESO 18 DE SEPTIEMBRE) Q.4,900.00+IVA."},"content":{"rendered":"<p>BANCA MULTIFUNCIONAL TOTALMENTE PARA USO INDUSTRIAL, C\u00d3MODA Y COMPACTA PARA USO TAMBI\u00c9N EN CASA,<br \/>\n7 DIFERENTES \u00c1NGULOS, COMODIDAD EN CADA ANGULO, TAPICER\u00cdA COLOR NEGRO Y METAL DE COLOR GRIS, GARANT\u00cdA DE UN A\u00d1O.<\/p>\n<p>&nbsp;<\/p>\n<h1 class=\"product_title entry-title\">(INGRESO 18 DE SEPTIEMBRE)<\/h1>\n<p><img fetchpriority=\"high\" decoding=\"async\" class=\"alignnone size-medium wp-image-742\" src=\"https:\/\/maquinasparagym.com\/wp-content\/uploads\/2019\/08\/F39-300x300.png\" alt=\"\" width=\"300\" height=\"300\" srcset=\"https:\/\/maquinasparagym.com\/wp-content\/uploads\/2019\/08\/F39-300x300.png 300w, https:\/\/maquinasparagym.com\/wp-content\/uploads\/2019\/08\/F39-150x150.png 150w, https:\/\/maquinasparagym.com\/wp-content\/uploads\/2019\/08\/F39-768x768.png 768w, https:\/\/maquinasparagym.com\/wp-content\/uploads\/2019\/08\/F39-1024x1024.png 1024w, https:\/\/maquinasparagym.com\/wp-content\/uploads\/2019\/08\/F39-100x100.png 100w\" sizes=\"(max-width: 300px) 100vw, 300px\" \/><\/p>\n","protected":false},"excerpt":{"rendered":"<p><a href=\"https:\/\/api.whatsapp.com\/send?phone=50258076000&amp;text=%C2%A1HOLA!%20QUIERO%20MAS%20INFORMACION%20SOBRE%20LA%20BANCA%20MULTIFUNCIONAL%20DE%207%20ANGULOS.\"><br \/>\n<img decoding=\"async\" class=\"wp-image-243 size-full aligncenter\" src=\"https:\/\/maquinasparagym.com\/wp-content\/uploads\/2019\/03\/whatsappeanos-e1552605898147.jpg\" alt=\"\" width=\"300\" height=\"102\" \/><\/a> <a href=\"https:\/\/maquinasparagym.com\/index.php\/contactanos\/\"><img decoding=\"async\" class=\"wp-image-242 aligncenter\" src=\"https:\/\/maquinasparagym.com\/wp-content\/uploads\/2019\/03\/contactanos.jpg\" alt=\"\" width=\"300\" height=\"102\" \/><\/a><\/p>\n<p>&nbsp;<\/p>\n<p>&nbsp;<\/p>\n<p>&nbsp;<\/p>\n<p>&nbsp;<\/p>\n","protected":false},"featured_media":742,"template":"","meta":{"jetpack_post_was_ever_published":false,"jetpack_publicize_message":"","jetpack_publicize_feature_enabled":true,"jetpack_social_post_already_shared":true,"jetpack_social_options":{"image_generator_settings":{"template":"highway","enabled":false},"version":2}},"product_cat":[32],"product_tag":[],"class_list":{"0":"post-406","1":"product","2":"type-product","3":"status-publish","4":"has-post-thumbnail","6":"product_cat-bancas-multifuncionales","8":"first","9":"instock","10":"sale","11":"shipping-taxable","12":"purchasable","13":"product-type-simple"},"jetpack_publicize_connections":[],"aioseo_notices":[],"jetpack_sharing_enabled":true,"_links":{"self":[{"href":"https:\/\/maquinasparagym.com\/index.php\/wp-json\/wp\/v2\/product\/406","targetHints":{"allow":["GET"]}}],"collection":[{"href":"https:\/\/maquinasparagym.com\/index.php\/wp-json\/wp\/v2\/product"}],"about":[{"href":"https:\/\/maquinasparagym.com\/index.php\/wp-json\/wp\/v2\/types\/product"}],"wp:featuredmedia":[{"embeddable":true,"href":"https:\/\/maquinasparagym.com\/index.php\/wp-json\/wp\/v2\/media\/742"}],"wp:attachment":[{"href":"https:\/\/maquinasparagym.com\/index.php\/wp-json\/wp\/v2\/media?parent=406"}],"wp:term":[{"taxonomy":"product_cat","embeddable":true,"href":"https:\/\/maquinasparagym.com\/index.php\/wp-json\/wp\/v2\/product_cat?post=406"},{"taxonomy":"product_tag","embeddable":true,"href":"https:\/\/maquinasparagym.com\/index.php\/wp-json\/wp\/v2\/product_tag?post=406"}],"curies":[{"name":"wp","href":"https:\/\/api.w.org\/{rel}","templated":true}]}}