{"id":1034,"date":"2023-01-24T02:02:16","date_gmt":"2023-01-24T01:02:16","guid":{"rendered":"http:\/\/maquinasparagym.com\/?post_type=product&#038;p=1034"},"modified":"2023-01-24T02:18:00","modified_gmt":"2023-01-24T01:18:00","slug":"arch-trainer-770at-q-15000-00","status":"publish","type":"product","link":"https:\/\/maquinasparagym.com\/index.php\/product\/arch-trainer-770at-q-15000-00\/","title":{"rendered":"Arch trainer 770AT  Q.15000.00"},"content":{"rendered":"<p>Una el\u00edptica comercial de gama alta con el dise\u00f1o Arc patentado que proporciona resultados de fitness r\u00e1pidos. Entrene para obtener fuerza, potencia y p\u00e9rdida de peso en una sola m\u00e1quina. El Cybex 770AT Arc Trainer ofrece amplios rangos de inclinaci\u00f3n y resistencia para hacer el trabajo de 3 m\u00e1quinas en una. En los niveles de inclinaci\u00f3n m\u00e1s bajos, el &#8220;deslizamiento&#8221; es un esquiador de fondo. En los niveles de rango medio, el movimiento es un \u201cpaso\u201d (como una el\u00edptica, excepto con la posici\u00f3n adecuada). En los niveles altos es la \u201cascensi\u00f3n\u201d de un stepper o escalador. Las investigaciones muestran que Cybex Arc Trainer quema m\u00e1s calor\u00edas que cualquier otra el\u00edptica o el\u00edptica probada.<\/p>\n","protected":false},"excerpt":{"rendered":"<p>Una el\u00edptica comercial de gama alta con el dise\u00f1o Arc patentado que proporciona resultados de fitness r\u00e1pidos. Entrene para obtener fuerza, potencia y p\u00e9rdida de peso en una sola m\u00e1quina. El Cybex 770AT Arc Trainer ofrece amplios rangos de inclinaci\u00f3n y resistencia para hacer el trabajo de 3 m\u00e1quinas en una. En los niveles de [&hellip;]<\/p>\n","protected":false},"featured_media":1035,"template":"","meta":{"jetpack_post_was_ever_published":false,"jetpack_publicize_message":"","jetpack_publicize_feature_enabled":true,"jetpack_social_post_already_shared":true,"jetpack_social_options":{"image_generator_settings":{"template":"highway","enabled":false},"version":2}},"product_cat":[20],"product_tag":[],"class_list":{"0":"post-1034","1":"product","2":"type-product","3":"status-publish","4":"has-post-thumbnail","6":"product_cat-cardio","8":"first","9":"instock","10":"shipping-taxable","11":"product-type-simple"},"jetpack_publicize_connections":[],"aioseo_notices":[],"jetpack_sharing_enabled":true,"_links":{"self":[{"href":"https:\/\/maquinasparagym.com\/index.php\/wp-json\/wp\/v2\/product\/1034","targetHints":{"allow":["GET"]}}],"collection":[{"href":"https:\/\/maquinasparagym.com\/index.php\/wp-json\/wp\/v2\/product"}],"about":[{"href":"https:\/\/maquinasparagym.com\/index.php\/wp-json\/wp\/v2\/types\/product"}],"wp:featuredmedia":[{"embeddable":true,"href":"https:\/\/maquinasparagym.com\/index.php\/wp-json\/wp\/v2\/media\/1035"}],"wp:attachment":[{"href":"https:\/\/maquinasparagym.com\/index.php\/wp-json\/wp\/v2\/media?parent=1034"}],"wp:term":[{"taxonomy":"product_cat","embeddable":true,"href":"https:\/\/maquinasparagym.com\/index.php\/wp-json\/wp\/v2\/product_cat?post=1034"},{"taxonomy":"product_tag","embeddable":true,"href":"https:\/\/maquinasparagym.com\/index.php\/wp-json\/wp\/v2\/product_tag?post=1034"}],"curies":[{"name":"wp","href":"https:\/\/api.w.org\/{rel}","templated":true}]}}